{"id":1505,"date":"2023-06-22T18:09:20","date_gmt":"2023-06-22T16:09:20","guid":{"rendered":"https:\/\/test.wp.cod31t.pl\/?page_id=1505"},"modified":"2023-06-26T00:39:26","modified_gmt":"2023-06-25T22:39:26","slug":"galeria-autorska-marceliny-2","status":"publish","type":"page","link":"https:\/\/pracowniaet.pl\/?page_id=1505","title":{"rendered":""},"content":{"rendered":"<p style=\"padding-left: 30px; text-align: center;\"><span style=\"color: #000080;\"><strong>Galeria autorska Marceliny<\/strong><\/span><\/p>\n<p><span style=\"color: #000080;\"><a href=\"https:\/\/pracowniaet.pl\/wp-content\/uploads\/2023\/06\/0.jpg\"><img loading=\"lazy\" decoding=\"async\" class=\"aligncenter size-large wp-image-1537\" src=\"https:\/\/pracowniaet.pl\/wp-content\/uploads\/2023\/06\/0.jpg\" alt=\"\" width=\"640\" height=\"640\" srcset=\"https:\/\/pracowniaet.pl\/wp-content\/uploads\/2023\/06\/0.jpg 800w, https:\/\/pracowniaet.pl\/wp-content\/uploads\/2023\/06\/0-140x140.jpg 140w, https:\/\/pracowniaet.pl\/wp-content\/uploads\/2023\/06\/0-300x300.jpg 300w, https:\/\/pracowniaet.pl\/wp-content\/uploads\/2023\/06\/0-768x768.jpg 768w\" sizes=\"auto, (max-width: 640px) 100vw, 640px\" \/><\/a><\/span><br \/>\n<span style=\"color: #000080;\">Mamy ogromn\u0105 przyjemno\u015b\u0107 zaprezentowa\u0107 Pa\u0144stwu obrazy autorstwa Marceliny Machowskiej.<br \/>\nWszystkie przedstawione prace powsta\u0142y w okresie ucz\u0119szczania Marcysi na nasze zaj\u0119cia, tym samym pi\u0119knie obrazuj\u0105 proces rozwoju wra\u017cliwo\u015bci\u00a0 i osobowo\u015bci tw\u00f3rczej m\u0142odej artystki (w bie\u017c\u0105cym roku uko\u0144czy\u0142a szko\u0142\u0119 \u015bredni\u0105).<\/span><br \/>\n<span style=\"color: #000080;\"> Marcelina szczeg\u00f3lnie skupia swoje zainteresowania na rysunku, zw\u0142aszcza portretowym. Jej prace nacechowane niepowtarzalnym indywidualizmem, zaskakuj\u0105co \u0142\u0105cz\u0105 wewn\u0119trzny spok\u00f3j autorki ( kto zna Marcysi\u0119) z si\u0142\u0105 ekspresji jej o\u0142\u00f3wka.<br \/>\n\u017byczymy Marcelinie niesko\u0144czono\u015bci inspiracji (by nie by\u0142o nudy), rado\u015bci z tworzenia (by si\u0119 chcia\u0142o rano wstawa\u0107) i ci\u0105g\u0142ego odkrywania samej siebie ( by si\u0119 sob\u0105 dzieli\u0107 ).<br \/>\n<\/span><br \/>\n<a href=\"https:\/\/pracowniaet.pl\/wp-content\/uploads\/2023\/06\/a5.jpg\"><img decoding=\"async\" class=\"aligncenter size-large wp-image-1548\" src=\"https:\/\/pracowniaet.pl\/wp-content\/uploads\/2023\/06\/a5-662x800.jpg\" alt=\"\" width=\"800\" srcset=\"https:\/\/pracowniaet.pl\/wp-content\/uploads\/2023\/06\/a5-662x800.jpg 662w, https:\/\/pracowniaet.pl\/wp-content\/uploads\/2023\/06\/a5-248x300.jpg 248w, https:\/\/pracowniaet.pl\/wp-content\/uploads\/2023\/06\/a5-768x928.jpg 768w, https:\/\/pracowniaet.pl\/wp-content\/uploads\/2023\/06\/a5.jpg 800w\" sizes=\"(max-width: 662px) 100vw, 662px\" \/><\/a><br \/>\n<a href=\"https:\/\/pracowniaet.pl\/wp-content\/uploads\/2023\/06\/a2-1.jpg\"><img loading=\"lazy\" decoding=\"async\" class=\"aligncenter size-large wp-image-1545\" src=\"https:\/\/pracowniaet.pl\/wp-content\/uploads\/2023\/06\/a2-1-492x800.jpg\" alt=\"\" width=\"800\" height=\"1300\" srcset=\"https:\/\/pracowniaet.pl\/wp-content\/uploads\/2023\/06\/a2-1-492x800.jpg 492w, https:\/\/pracowniaet.pl\/wp-content\/uploads\/2023\/06\/a2-1-185x300.jpg 185w, https:\/\/pracowniaet.pl\/wp-content\/uploads\/2023\/06\/a2-1-768x1248.jpg 768w, https:\/\/pracowniaet.pl\/wp-content\/uploads\/2023\/06\/a2-1.jpg 800w\" sizes=\"auto, (max-width: 800px) 100vw, 800px\" \/><\/a><br \/>\n<a href=\"https:\/\/pracowniaet.pl\/wp-content\/uploads\/2023\/06\/00.jpg\"><img loading=\"lazy\" decoding=\"async\" class=\"aligncenter size-full wp-image-1536\" src=\"https:\/\/pracowniaet.pl\/wp-content\/uploads\/2023\/06\/00.jpg\" alt=\"\" width=\"800\" height=\"800\" srcset=\"https:\/\/pracowniaet.pl\/wp-content\/uploads\/2023\/06\/00.jpg 800w, https:\/\/pracowniaet.pl\/wp-content\/uploads\/2023\/06\/00-140x140.jpg 140w, https:\/\/pracowniaet.pl\/wp-content\/uploads\/2023\/06\/00-300x300.jpg 300w, https:\/\/pracowniaet.pl\/wp-content\/uploads\/2023\/06\/00-768x768.jpg 768w\" sizes=\"auto, (max-width: 800px) 100vw, 800px\" \/><\/a><a href=\"https:\/\/pracowniaet.pl\/wp-content\/uploads\/2023\/06\/a2.jpg\"><br \/>\n<\/a><a href=\"https:\/\/pracowniaet.pl\/wp-content\/uploads\/2023\/06\/a4-2.jpg\"><img loading=\"lazy\" decoding=\"async\" class=\"aligncenter size-large wp-image-1552\" src=\"https:\/\/pracowniaet.pl\/wp-content\/uploads\/2023\/06\/a4-2-800x646.jpg\" alt=\"\" width=\"640\" height=\"517\" srcset=\"https:\/\/pracowniaet.pl\/wp-content\/uploads\/2023\/06\/a4-2.jpg 800w, https:\/\/pracowniaet.pl\/wp-content\/uploads\/2023\/06\/a4-2-300x242.jpg 300w, https:\/\/pracowniaet.pl\/wp-content\/uploads\/2023\/06\/a4-2-768x620.jpg 768w\" sizes=\"auto, (max-width: 640px) 100vw, 640px\" \/><\/a><\/p>\n","protected":false},"excerpt":{"rendered":"<p>Galeria autorska Marceliny Mamy ogromn\u0105 przyjemno\u015b\u0107 zaprezentowa\u0107 Pa\u0144stwu obrazy autorstwa Marceliny Machowskiej. Wszystkie przedstawione prace powsta\u0142y w okresie ucz\u0119szczania Marcysi na nasze zaj\u0119cia, tym samym pi\u0119knie obrazuj\u0105 proces rozwoju wra\u017cliwo\u015bci\u00a0 i osobowo\u015bci tw\u00f3rczej m\u0142odej artystki (w bie\u017c\u0105cym roku uko\u0144czy\u0142a szko\u0142\u0119 &hellip; <a href=\"https:\/\/pracowniaet.pl\/?page_id=1505\">Czytaj dalej <span class=\"meta-nav\">&rarr;<\/span><\/a><\/p>\n","protected":false},"author":3,"featured_media":0,"parent":0,"menu_order":0,"comment_status":"closed","ping_status":"closed","template":"","meta":{"footnotes":""},"class_list":["post-1505","page","type-page","status-publish","hentry"],"_links":{"self":[{"href":"https:\/\/pracowniaet.pl\/index.php?rest_route=\/wp\/v2\/pages\/1505","targetHints":{"allow":["GET"]}}],"collection":[{"href":"https:\/\/pracowniaet.pl\/index.php?rest_route=\/wp\/v2\/pages"}],"about":[{"href":"https:\/\/pracowniaet.pl\/index.php?rest_route=\/wp\/v2\/types\/page"}],"author":[{"embeddable":true,"href":"https:\/\/pracowniaet.pl\/index.php?rest_route=\/wp\/v2\/users\/3"}],"replies":[{"embeddable":true,"href":"https:\/\/pracowniaet.pl\/index.php?rest_route=%2Fwp%2Fv2%2Fcomments&post=1505"}],"version-history":[{"count":25,"href":"https:\/\/pracowniaet.pl\/index.php?rest_route=\/wp\/v2\/pages\/1505\/revisions"}],"predecessor-version":[{"id":1554,"href":"https:\/\/pracowniaet.pl\/index.php?rest_route=\/wp\/v2\/pages\/1505\/revisions\/1554"}],"wp:attachment":[{"href":"https:\/\/pracowniaet.pl\/index.php?rest_route=%2Fwp%2Fv2%2Fmedia&parent=1505"}],"curies":[{"name":"wp","href":"https:\/\/api.w.org\/{rel}","templated":true}]}}