{"id":215,"date":"2017-08-04T11:24:18","date_gmt":"2017-08-04T09:24:18","guid":{"rendered":"https:\/\/test.wp.cod31t.pl\/?page_id=215"},"modified":"2026-04-10T08:42:06","modified_gmt":"2026-04-10T06:42:06","slug":"strona-glowna","status":"publish","type":"page","link":"https:\/\/pracowniaet.pl\/","title":{"rendered":""},"content":{"rendered":"<p><img decoding=\"async\" class=\"alignnone size-full wp-image-1158\" src=\"https:\/\/pracowniaet.pl\/wp-content\/uploads\/2017\/08\/01.jpg\" alt=\"\" width=\"666\" srcset=\"https:\/\/pracowniaet.pl\/wp-content\/uploads\/2017\/08\/01.jpg 777w, https:\/\/pracowniaet.pl\/wp-content\/uploads\/2017\/08\/01-300x182.jpg 300w, https:\/\/pracowniaet.pl\/wp-content\/uploads\/2017\/08\/01-768x467.jpg 768w\" sizes=\"(max-width: 777px) 100vw, 777px\" \/><\/p>\n<hr \/>\n<p style=\"text-align: right;\"><i><span style=\"font-size: small;\">Gdyby by\u0142a tylko jedna prawda, nie mo\u017cna by by\u0142o namalowa\u0107 sto obraz\u00f3w na ten sam temat.<br \/>\nPablo Picasso<\/span><\/i><\/p>\n","protected":false},"excerpt":{"rendered":"<p>Gdyby by\u0142a tylko jedna prawda, nie mo\u017cna by by\u0142o namalowa\u0107 sto obraz\u00f3w na ten sam temat. Pablo Picasso<\/p>\n","protected":false},"author":3,"featured_media":0,"parent":0,"menu_order":0,"comment_status":"closed","ping_status":"closed","template":"","meta":{"footnotes":""},"class_list":["post-215","page","type-page","status-publish","hentry"],"_links":{"self":[{"href":"https:\/\/pracowniaet.pl\/index.php?rest_route=\/wp\/v2\/pages\/215","targetHints":{"allow":["GET"]}}],"collection":[{"href":"https:\/\/pracowniaet.pl\/index.php?rest_route=\/wp\/v2\/pages"}],"about":[{"href":"https:\/\/pracowniaet.pl\/index.php?rest_route=\/wp\/v2\/types\/page"}],"author":[{"embeddable":true,"href":"https:\/\/pracowniaet.pl\/index.php?rest_route=\/wp\/v2\/users\/3"}],"replies":[{"embeddable":true,"href":"https:\/\/pracowniaet.pl\/index.php?rest_route=%2Fwp%2Fv2%2Fcomments&post=215"}],"version-history":[{"count":499,"href":"https:\/\/pracowniaet.pl\/index.php?rest_route=\/wp\/v2\/pages\/215\/revisions"}],"predecessor-version":[{"id":1750,"href":"https:\/\/pracowniaet.pl\/index.php?rest_route=\/wp\/v2\/pages\/215\/revisions\/1750"}],"wp:attachment":[{"href":"https:\/\/pracowniaet.pl\/index.php?rest_route=%2Fwp%2Fv2%2Fmedia&parent=215"}],"curies":[{"name":"wp","href":"https:\/\/api.w.org\/{rel}","templated":true}]}}