{"id":54,"date":"2017-08-02T11:51:05","date_gmt":"2017-08-02T09:51:05","guid":{"rendered":"https:\/\/test.wp.cod31t.pl\/?page_id=54"},"modified":"2024-08-26T23:32:21","modified_gmt":"2024-08-26T21:32:21","slug":"regulamin","status":"publish","type":"page","link":"https:\/\/pracowniaet.pl\/?page_id=54","title":{"rendered":"Regulamin 2024\/25"},"content":{"rendered":"<p>Regulamin na rok szkolny 2024\/25<\/p>\n<p>I. Zasady uczestnictwa<\/p>\n<p>1. Czas zaj\u0119\u0107 i odp\u0142atno\u015b\u0107:<br \/>\nZaj\u0119cia odbywaj\u0105 si\u0119 zgodnie z grafikiem i kalendarzem zaj\u0119\u0107.<br \/>\nNale\u017cno\u015b\u0107 za zaj\u0119cia uiszczana jest przelewem do 10 dnia ka\u017cdego miesi\u0105ca, za dany miesi\u0105c.<br \/>\n2. Przerwy zwi\u0105zane ze \u015bwi\u0119tami lub przerw\u0105 szkoln\u0105 w nauce a tak\u017ce chorob\u0105 b\u0105d\u017a sytuacj\u0105 losow\u0105 uczestnika nie pomniejszaj\u0105 odp\u0142atno\u015bci za zaj\u0119cia. Wyj\u0105tkiem jest sytuacja zg\u0142oszonej ca\u0142omiesi\u0119cznej nieobecno\u015bci z przyczyn uzasadnionych.<br \/>\n3. Uczestnik mo\u017ce \u201eodebra\u0107\u201d zaj\u0119cia niewykorzystane, w okresie do jednego miesi\u0105ca od czasu nieobecno\u015bci.<br \/>\n4. Ka\u017cd\u0105 d\u0142u\u017csz\u0105 nieobecno\u015b\u0107 lub rezygnacj\u0119 nale\u017cy zg\u0142osi\u0107.<br \/>\n5. W przypadku odwo\u0142a\u0144 zaj\u0119\u0107 przez pracowni\u0119 spowodowanych sytuacj\u0105 losow\u0105, odp\u0142atno\u015b\u0107 za zaj\u0119cia jest zwracana.<\/p>\n<p>II. Materia\u0142y plastyczne i pomoce dydaktyczne<\/p>\n<p>1. Organizator zaj\u0119\u0107 zapewnia niezb\u0119dne materia\u0142y (narz\u0119dzia, farby, podobrazia, przybory rysunkowe, malarskie, ceramiczne, glin\u0119, szkliwa itp.).<br \/>\n2. Uczestnicy zaj\u0119\u0107 korzystaj\u0105 z urz\u0105dze\u0144 i sprz\u0119t\u00f3w w kt\u00f3re wyposa\u017cona jest pracownia,<br \/>\ni proszeni s\u0105 o korzystanie z nich w poszanowaniu i staranno\u015bci.<br \/>\n3. Prace wykonywane przez uczestnik\u00f3w s\u0105 przechowywane w pracowni do czasu ich uko\u0144czenia, nast\u0119pnie s\u0105 przekazywane autorom.<\/p>\n<p>III. Zasady bezpiecze\u0144stwa i higieny pracy<\/p>\n<p>1. Opiekunowie uczestnik\u00f3w udost\u0119pniaj\u0105 instruktorowi podstawowe dane osobowe<br \/>\ni kontaktowe. Informacje takie b\u0119d\u0105 wykorzystane wy\u0142\u0105cznie do komunikacji w razie zaistnia\u0142ej potrzeby.<br \/>\n2. Opiekunowie o\u015bwiadczaj\u0105, \u017ce u uczestnika nie wyst\u0119puj\u0105 przeciwwskazania do udzia\u0142u<br \/>\nw zaj\u0119ciach.<br \/>\n3. Organizator udost\u0119pnia fartuchy celem zabezpieczenia odzie\u017cy, przy czym uczestnicy mog\u0105 u\u017cywa\u0107 w\u0142asnej odzie\u017cy ochronnej (np. fartuch, starsza koszula itp.)<br \/>\n4. Pracownia zapewnia \u015brodki czysto\u015bci.<br \/>\nInstruktor podejmuje ka\u017cdorazowo stosowne dzia\u0142ania w celu zapewnienia bezpiecze\u0144stwa i higieny pracy.<\/p>\n<p style=\"text-align: left;\">Opiekunowie zawieraj\u0105 z Pracowni\u0105 umow\u0119 okre\u015blaj\u0105c\u0105 zasady uczestnictwa w zaj\u0119ciach. Zg\u0142oszenie uczestnika do udzia\u0142u w zaj\u0119ciach jest jednoznaczne z akceptacj\u0105 warunk\u00f3w regulaminu.<\/p>\n<p>&nbsp;<\/p>\n<hr \/>\n<p style=\"text-align: right;\"><i><span style=\"font-size: small;\">Artysta nie osi\u0105ga nic wybitnego, je\u015bli nie w\u0105tpi w siebie i czasem si\u0119 nie zawaha.<br \/>\nLeonardo da Vinci<\/span><\/i><\/p>\n","protected":false},"excerpt":{"rendered":"<p>Regulamin na rok szkolny 2024\/25 I. Zasady uczestnictwa 1. Czas zaj\u0119\u0107 i odp\u0142atno\u015b\u0107: Zaj\u0119cia odbywaj\u0105 si\u0119 zgodnie z grafikiem i kalendarzem zaj\u0119\u0107. Nale\u017cno\u015b\u0107 za zaj\u0119cia uiszczana jest przelewem do 10 dnia ka\u017cdego miesi\u0105ca, za dany miesi\u0105c. 2. Przerwy zwi\u0105zane ze &hellip; <a href=\"https:\/\/pracowniaet.pl\/?page_id=54\">Czytaj dalej <span class=\"meta-nav\">&rarr;<\/span><\/a><\/p>\n","protected":false},"author":3,"featured_media":0,"parent":0,"menu_order":0,"comment_status":"closed","ping_status":"closed","template":"","meta":{"footnotes":""},"class_list":["post-54","page","type-page","status-publish","hentry"],"_links":{"self":[{"href":"https:\/\/pracowniaet.pl\/index.php?rest_route=\/wp\/v2\/pages\/54","targetHints":{"allow":["GET"]}}],"collection":[{"href":"https:\/\/pracowniaet.pl\/index.php?rest_route=\/wp\/v2\/pages"}],"about":[{"href":"https:\/\/pracowniaet.pl\/index.php?rest_route=\/wp\/v2\/types\/page"}],"author":[{"embeddable":true,"href":"https:\/\/pracowniaet.pl\/index.php?rest_route=\/wp\/v2\/users\/3"}],"replies":[{"embeddable":true,"href":"https:\/\/pracowniaet.pl\/index.php?rest_route=%2Fwp%2Fv2%2Fcomments&post=54"}],"version-history":[{"count":37,"href":"https:\/\/pracowniaet.pl\/index.php?rest_route=\/wp\/v2\/pages\/54\/revisions"}],"predecessor-version":[{"id":1679,"href":"https:\/\/pracowniaet.pl\/index.php?rest_route=\/wp\/v2\/pages\/54\/revisions\/1679"}],"wp:attachment":[{"href":"https:\/\/pracowniaet.pl\/index.php?rest_route=%2Fwp%2Fv2%2Fmedia&parent=54"}],"curies":[{"name":"wp","href":"https:\/\/api.w.org\/{rel}","templated":true}]}}